{"id":13,"date":"2024-01-25T12:07:01","date_gmt":"2024-01-25T09:07:01","guid":{"rendered":"https:\/\/www.drcengizcelik.com\/?page_id=13"},"modified":"2024-02-11T23:46:33","modified_gmt":"2024-02-11T20:46:33","slug":"beni-taniyin","status":"publish","type":"page","link":"https:\/\/www.drcengizcelik.com\/ku\/beni-taniyin","title":{"rendered":"Min nas bike","raw":"Min nas bike"},"content":{"rendered":"","protected":false,"raw":""},"excerpt":{"rendered":"","protected":false,"raw":""},"author":1,"featured_media":314,"parent":0,"menu_order":0,"comment_status":"closed","ping_status":"closed","template":"ozgecmis.php","meta":{"_tr_post_content":"<h1>Mimar Dr. Cengiz \u00c7EL\u0130K<\/h1>\r\n\r\nProfesyonel i\u015f hayat\u0131na Do\u011fubeyaz\u0131t\u2019ta \u00f6zel sekt\u00f6rde ba\u015flayan \u00c7elik, M\u00fchendis ve Mimar Odalar\u0131 Birli\u011fi (TMMOB) \u00fcyesi lisansl\u0131 mimard\u0131r. 1976 do\u011fumludur. Liseyi A\u011fr\u0131 End\u00fcstri Meslek Lisesi\u2019nde bitirdikten sonra Lisans \u00f6\u011frenimini NDU \u00dcniversitesi Mimarl\u0131k Fak\u00fcltesi B\u00f6l\u00fcm\u00fc\u2019nde tamamlam\u0131\u015ft\u0131r. Sel\u00e7uklu D\u00f6nemi Ahlat B\u00f6lgesi abideleri teziyle NDU \u00dcniversitesinde y\u00fcksek lisans (master) b\u00f6l\u00fcm\u00fcn\u00fc bitirdi, ayn\u0131 zamanda Uluslararas\u0131 \u0130\u015fletme Y\u00f6netimi doktoras\u0131n\u0131 bitiren \u00c7elik ; Sel\u00e7uklu d\u00f6nemi Anadolu, \u0130ran ve Azerbaycan\u2019da dini yap\u0131lar\u0131n mimarl\u0131\u011f\u0131 doktora teziyle Bak\u00fc ilimler akademisinde \u00e7al\u0131\u015fmalar\u0131na devam etmektedir.\r\n\r\n\u00d6zel sekt\u00f6rde \u00c7elikce Mimarl\u0131k M\u00fchendislik \u015firketi kurucusu, Nakliyat MMC \u015eirket M\u00fcd\u00fcr\u00fc, Metal Sanayi Kompleksi Fabrika M\u00fcd\u00fcr\u00fc, Bellisa Mobilya Fabrikas\u0131 Genel M\u00fcd\u00fcr\u00fc, Arkoz A\u011fr\u0131 \u00c7imento Fabrikas\u0131 Genel M\u00fcd\u00fcr\u00fc, Samsun Arkoz Gazbeton Fabrikas\u0131 Genel M\u00fcd\u00fcr\u00fc ve Maqro Construction Yol \u015eirketlerinde y\u00f6neticilik yapm\u0131\u015ft\u0131r.\r\n\r\n\u0130n\u015faat, makina ve otomotiv sekt\u00f6rlerinde \u00e7e\u015fitli Ar-Ge \u00e7al\u0131\u015fmalar\u0131nda bulundu. Tarihi eserlerin r\u00f6l\u00f6ve, restorasyon ve restit\u00fcsyon \u00e7al\u0131\u015fmalar\u0131nda aktif g\u00f6rev ald\u0131. Makina, mimari sekt\u00f6rlerinde \u00f6nemli tasar\u0131m ve uygulamalarda bulundu. Bu konuda 10\u2019un \u00fczerinde patente ba\u011flanm\u0131\u015f tasar\u0131m ve uygulamalar\u0131 bulunmaktad\u0131r. 2012 y\u0131l\u0131nda \u00fcniversal (\u00e7ok ama\u00e7l\u0131) i\u015f makinas\u0131 tasar\u0131m\u0131 yaparak \u00fc\u00e7 ay gibi bir s\u00fcre de \u00fcretimini yap\u0131p \u00e7al\u0131\u015f\u0131r hale getirerek test a\u015famalar\u0131n\u0131 tamamlay\u0131p patentini alm\u0131\u015ft\u0131r. Ayn\u0131 zamanda uzaktan kumanda ile kullan\u0131labilen bu arac\u0131n; tar\u0131m, in\u015faat, belediye, karayollar\u0131, yeralt\u0131-yer\u00fcst\u00fc madencili\u011fi ile askeri sahada \u00e7ok ama\u00e7l\u0131 kullan\u0131m\u0131 s\u00f6z konusudur.\r\n\r\nA\u011fr\u0131 Da\u011f\u0131 B\u00f6lgesinin \u00f6nemli tarih, k\u00fclt\u00fcr ve ticaret \u015fehri Do\u011fubeyaz\u0131t ve Y\u00f6neticilikte G\u00fc\u00e7 Zehirlenmesi isimli 2 ayr\u0131 kitab\u0131 kaleme alarak, sosyo-k\u00fclt\u00fcrel ve toplumsal proje \u00e7al\u0131\u015fmalar\u0131n\u0131 hayata ge\u00e7irmi\u015ftir. 80 adet \u015eehir Geli\u015fim projesi, Sinema d\u00f6nem filmi oyunculu\u011fu Per\u00ee\u015fan Xan\u0131m Xel\u00eel Beg (TRT Kurd\u00ee) isimli \u00e7ekimlerde S\u00fcrmeli Mehmet Pa\u015fa rol\u00fcyle sahne alm\u0131\u015ft\u0131r. 19 adet ulusal \/ uluslararas\u0131 d\u00fczeyde toplumsal konular, mimari ve \u015fehircilik alanlar\u0131nda makale ile bilimsel sempozyumlarda sunumu yap\u0131lm\u0131\u015f ara\u015ft\u0131rmalar\u0131 bulunmaktad\u0131r. Yazar, sanat\u00e7\u0131, y\u00f6netici ve akademisyen olan \u00c7elik evli ve be\u015f \u00e7ocuk babas\u0131d\u0131r. T\u00fcrkiye, Azerbaycan, G\u00fcrcistan, \u00c7ekya ve Rusya\u2019da faaliyette bulunan Arkoz Holding ve Maqro Construction \u015firketlerinde \u00fcst d\u00fczey y\u00f6netici olarak halen i\u015f hayat\u0131na devam etmektedir.\r\n\r\n<a href=\"https:\/\/www.drcengizcelik.com\/wp-content\/themes\/cengizcelik\/src\/img\/mesaj\/1.jpg\" data-lightbox=\"mesaj\"><img src=\"https:\/\/www.drcengizcelik.com\/wp-content\/themes\/cengizcelik\/src\/img\/mesaj\/1.jpg\" style=\"width:100%\"><\/a>\r\n<a href=\"https:\/\/www.drcengizcelik.com\/wp-content\/themes\/cengizcelik\/src\/img\/mesaj\/2.jpg\" data-lightbox=\"mesaj\"><img src=\"https:\/\/www.drcengizcelik.com\/wp-content\/themes\/cengizcelik\/src\/img\/mesaj\/2.jpg\" style=\"width:100%\"><\/a>\r\n\r\n<h2>DAHA FAZLA B\u0130LG\u0130 ED\u0130N\u0130N<\/h2>\r\n\r\n<ul class=\"butonlar\">\r\n  <li><a href=\"https:\/\/www.drcengizcelik.com\/gorevleri\">G\u00d6REVLER \u00dcYEL\u0130KLER VE FAAL\u0130YETLER\u0130<\/a><\/li>\r\n  <li><a href=\"https:\/\/www.drcengizcelik.com\/patent-ve-tasarimlari\">PATENT VE TASARIMLARI<\/a><\/li>\r\n  <li><a href=\"https:\/\/www.drcengizcelik.com\/kose-yazilari\">GAZETE K\u00d6\u015eE YAZARLI\u011eI YAYINLARI VE MAKALELER\u0130<\/a><\/li>\r\n  <li><a href=\"https:\/\/www.drcengizcelik.com\/kitaplari-ve-yayimlari\">SEMPOZYUM K\u0130TAPLARI VE YAYIMLARI<\/a><\/li>\r\n  <li><a href=\"https:\/\/www.drcengizcelik.com\/sempozyumlar\">KATILIM SA\u011eLADI\u011eI VE B\u0130LD\u0130R\u0130 SUNDU\u011eU ULUSLARARASI SEMPOZYUMLAR<\/a><\/li>\r\n  <li><a href=\"https:\/\/www.drcengizcelik.com\/category\/projeler\">UYGULANMI\u015e VE HAZIRLANMI\u015e PROJELER\u0130<\/a><\/li>\r\n<\/ul>","_tr_post_name":"beni-taniyin","_tr_post_excerpt":"","_tr_post_title":"Beni Tan\u0131y\u0131n","_ku_post_content":"","_ku_post_name":"beni-taniyin","_ku_post_excerpt":"","_ku_post_title":"Min nas bike","edit_language":"ku","footnotes":""},"_links":{"self":[{"href":"https:\/\/www.drcengizcelik.com\/ku\/wp-json\/wp\/v2\/pages\/13"}],"collection":[{"href":"https:\/\/www.drcengizcelik.com\/ku\/wp-json\/wp\/v2\/pages"}],"about":[{"href":"https:\/\/www.drcengizcelik.com\/ku\/wp-json\/wp\/v2\/types\/page"}],"author":[{"embeddable":true,"href":"https:\/\/www.drcengizcelik.com\/ku\/wp-json\/wp\/v2\/users\/1"}],"replies":[{"embeddable":true,"href":"https:\/\/www.drcengizcelik.com\/ku\/wp-json\/wp\/v2\/comments?post=13"}],"version-history":[{"count":13,"href":"https:\/\/www.drcengizcelik.com\/ku\/wp-json\/wp\/v2\/pages\/13\/revisions"}],"predecessor-version":[{"id":603,"href":"https:\/\/www.drcengizcelik.com\/ku\/wp-json\/wp\/v2\/pages\/13\/revisions\/603"}],"wp:featuredmedia":[{"embeddable":true,"href":"https:\/\/www.drcengizcelik.com\/ku\/wp-json\/wp\/v2\/media\/314"}],"wp:attachment":[{"href":"https:\/\/www.drcengizcelik.com\/ku\/wp-json\/wp\/v2\/media?parent=13"}],"curies":[{"name":"wp","href":"https:\/\/api.w.org\/{rel}","templated":true}]}}