{"id":17,"date":"2024-01-25T12:15:23","date_gmt":"2024-01-25T09:15:23","guid":{"rendered":"https:\/\/www.drcengizcelik.com\/?page_id=17"},"modified":"2024-02-03T20:09:40","modified_gmt":"2024-02-03T17:09:40","slug":"gorevleri","status":"publish","type":"page","link":"https:\/\/www.drcengizcelik.com\/ku\/gorevleri","title":{"rendered":"Gimrig","raw":"Gimrig"},"content":{"rendered":"","protected":false,"raw":""},"excerpt":{"rendered":"","protected":false,"raw":""},"author":1,"featured_media":0,"parent":0,"menu_order":0,"comment_status":"closed","ping_status":"closed","template":"basliksiz.php","meta":{"_tr_post_content":"<h1>G\u00d6REVLER \u00dcYEL\u0130KLER VE FAAL\u0130YETLER\u0130<\/h1>\r\n\r\n\u00c7EL\u0130KCE M\u0130MARLIK M\u00dcHEND\u0130SL\u0130K - \u015eirket Kurucusu 1997\r\n\r\nARKOZ HOLD\u0130NG - \u00dcst D\u00fczey Y\u00f6neticilik 2010\r\n\r\nARKOZ NAKL\u0130YAT MMC \u015e\u0130RKET\u0130 - \u015eirket M\u00fcd\u00fcr\u00fc 2010\r\n\r\nARKOZ SANAY\u0130 KOMPLEKS\u0130 \u015e\u0130RKET\u0130 - Genel M\u00fcd\u00fcr\u00fc 2012\r\n\r\nBELL\u0130SSA MOB\u0130LYA FABR\u0130KASI - Genel M\u00fcd\u00fcr 2016\r\n\r\nA\u011eRI \u00c7\u0130MENTO FABR\u0130KASI - Genel M\u00fcd\u00fcr 2019\r\n\r\nSAMSUN ARKOZ GAZBETON FABR\u0130KASI - Genel M\u00fcd\u00fcr 2020\r\n\r\nMAQRO GROUP CONSTRUCT\u0130ON \u0130N\u015eAAT VE YOL \u015e\u0130RKET\u0130 - \u00dcst D\u00fczey Y\u00f6netici 2023\r\n\r\nT\u00c7SB T\u00dcRK\u0130YE \u00c7\u0130MENTO SANAY\u0130C\u0130LER\u0130 B\u0130RL\u0130\u011e\u0130 - Denetleme Kurulu \u00dcyesi 2020\r\n\r\nTG\u00dcB T\u00dcRK\u0130YE GAZBETON \u00dcRET\u0130C\u0130LER\u0130 B\u0130RL\u0130\u011e\u0130 - Y\u00f6netim Kurulu \u00dcyesi 2020\r\n\r\n\u00c7E\u0130S \u00c7\u0130MENTO END\u00dcSTR\u0130S\u0130 \u0130\u015eVERENLER\u0130 SEND\u0130KASI - \u00dcye 2021\r\n\r\nTMMOB T\u00dcRKIYE M\u0130MAR VE M\u00dcHEND\u0130SLER ODASI B\u0130RL\u0130\u011e\u0130 - \u00dcye 2012\r\n\r\nORTA ANADOLU \u0130HRACAT\u00c7ILAR B\u0130RL\u0130\u011e\u0130 - \u00dcye 2020\r\n\r\n(DA\u0130B) DOGU ANADOLU \u0130HRACATCILAR B\u0130RL\u0130\u011e\u0130 - \u00dcye 2002\r\n\r\nDTSO DO\u011eUBEYAZIT T\u0130CARET VE SANAY\u0130 ODASI - \u00dcye 1998\r\n\r\nDTSO DO\u011eUBEYAZIT T\u0130CARET VE SANAY\u0130 ODASI - Y\u00f6netim Kurulu \u00dcyesi 2022\r\n\r\nDTSO DO\u011eUBEYAZIT T\u0130CARET VE SANAY\u0130 ODASI - Ba\u015fkan Vekili 2022\r\n\r\n\u0130ZTO \u0130ZM\u0130R T\u0130CARET ODASI - \u00dcye 2015\r\n\r\nT\u00c7MB T\u00dcRKIYE \u00c7\u0130MENTO M\u00dcSTAHS\u0130LLER\u0130 B\u0130RL\u0130\u011e\u0130 - Y\u00f6netim Kurulu \u00dcyesi 2019\r\n\r\nT\u00c7MB T\u00dcRKIYE \u00c7\u0130MENTO M\u00dcSTAHS\u0130LLER\u0130 B\u0130RL\u0130\u011e\u0130 - Denetleme Kurulu \u00dcyesi 2022\r\n\r\nII. T\u00dcRK\u0130YE K\u00dcLT\u00dcR\u00dcNDE A\u011eRI DA\u011eI SEMPOZYUMU - D\u00fczenleme Kurulu \u00dcyesi 2018\r\n\r\n<h2>DAHA FAZLA B\u0130LG\u0130 ED\u0130N\u0130N<\/h2>\r\n\r\n<ul class=\"butonlar\">\r\n  <li><a href=\"https:\/\/www.drcengizcelik.com\/gorevleri\">BEN\u0130 TANIYIN<\/a><\/li>\r\n  <li><a href=\"https:\/\/www.drcengizcelik.com\/patent-ve-tasarimlari\">PATENT VE TASARIMLARI<\/a><\/li>\r\n  <li><a href=\"https:\/\/www.drcengizcelik.com\/kose-yazilari\">GAZETE K\u00d6\u015eE YAZARLI\u011eI YAYINLARI VE MAKALELER\u0130<\/a><\/li>\r\n  <li><a href=\"https:\/\/www.drcengizcelik.com\/kitaplari-ve-yayimlari\">SEMPOZYUM K\u0130TAPLARI VE YAYIMLARI<\/a><\/li>\r\n  <li><a href=\"https:\/\/www.drcengizcelik.com\/sempozyumlar\">KATILIM SA\u011eLADI\u011eI VE B\u0130LD\u0130R\u0130 SUNDU\u011eU ULUSLARARASI SEMPOZYUMLAR<\/a><\/li>\r\n  <li><a href=\"https:\/\/www.drcengizcelik.com\/category\/projeler\">UYGULANMI\u015e VE HAZIRLANMI\u015e PROJELER\u0130<\/a><\/li>\r\n<\/ul>\r\n","_tr_post_name":"gorevleri","_tr_post_excerpt":"","_tr_post_title":"G\u00f6revleri","_ku_post_content":"","_ku_post_name":"gorevleri","_ku_post_excerpt":"","_ku_post_title":"Gimrig","edit_language":"ku","footnotes":""},"_links":{"self":[{"href":"https:\/\/www.drcengizcelik.com\/ku\/wp-json\/wp\/v2\/pages\/17"}],"collection":[{"href":"https:\/\/www.drcengizcelik.com\/ku\/wp-json\/wp\/v2\/pages"}],"about":[{"href":"https:\/\/www.drcengizcelik.com\/ku\/wp-json\/wp\/v2\/types\/page"}],"author":[{"embeddable":true,"href":"https:\/\/www.drcengizcelik.com\/ku\/wp-json\/wp\/v2\/users\/1"}],"replies":[{"embeddable":true,"href":"https:\/\/www.drcengizcelik.com\/ku\/wp-json\/wp\/v2\/comments?post=17"}],"version-history":[{"count":11,"href":"https:\/\/www.drcengizcelik.com\/ku\/wp-json\/wp\/v2\/pages\/17\/revisions"}],"predecessor-version":[{"id":368,"href":"https:\/\/www.drcengizcelik.com\/ku\/wp-json\/wp\/v2\/pages\/17\/revisions\/368"}],"wp:attachment":[{"href":"https:\/\/www.drcengizcelik.com\/ku\/wp-json\/wp\/v2\/media?parent=17"}],"curies":[{"name":"wp","href":"https:\/\/api.w.org\/{rel}","templated":true}]}}