{"id":271,"date":"2024-01-25T15:23:18","date_gmt":"2024-01-25T12:23:18","guid":{"rendered":"https:\/\/www.drcengizcelik.com\/?page_id=271"},"modified":"2024-02-06T11:57:52","modified_gmt":"2024-02-06T08:57:52","slug":"","status":"publish","type":"page","link":"https:\/\/www.drcengizcelik.com\/ku\/iletisim","title":{"rendered":"","raw":""},"content":{"rendered":"","protected":false,"raw":""},"excerpt":{"rendered":"","protected":false,"raw":""},"author":1,"featured_media":0,"parent":0,"menu_order":0,"comment_status":"closed","ping_status":"closed","template":"","meta":{"_tr_post_content":"<h3>G\u00fczel \u015fehrimiz Do\u011fubayaz\u0131t'\u0131n toplumsal kalk\u0131nmas\u0131 i\u00e7in canla ba\u015fla \u00e7al\u0131\u015f\u0131yoruz.<\/h3>\r\n\r\n<b>\u0130leti\u015fim Numaralar\u0131m\u0131z<\/b>\r\n\u0130leti\u015fim Ofisi: <a href=\"tel:04723127272\">0 (472) 312 72 72<\/a>\r\nBa\u015fkan Cep: <a href=\"tel:05425951866\">0 (542) 595 18 66<\/a>\r\n\r\n<b>WhatsApp Destek<\/b>\r\n<a href=\"https:\/\/api.whatsapp.com\/send?phone=905352340555\">0 (535) 234 0 555<\/a>\r\n<a href=\"https:\/\/api.whatsapp.com\/send?phone=904723127272\">0 (472) 312 72 72<\/a>\r\n\r\nHerhangi bir konuda bizimle ileti\u015fime ge\u00e7mekten \u00e7ekinmeyin. E\u011fer bir talepte bulunmak istiyorsan\u0131z, l\u00fctfen <a href=\"https:\/\/www.drcengizcelik.com\/talep\">buraya t\u0131klay\u0131n<\/a>.","_tr_post_name":"iletisim","_tr_post_excerpt":"","_tr_post_title":"\u0130leti\u015fim","_ku_post_content":"","_ku_post_name":"","_ku_post_excerpt":"","_ku_post_title":"","edit_language":"ku","footnotes":""},"_links":{"self":[{"href":"https:\/\/www.drcengizcelik.com\/ku\/wp-json\/wp\/v2\/pages\/271"}],"collection":[{"href":"https:\/\/www.drcengizcelik.com\/ku\/wp-json\/wp\/v2\/pages"}],"about":[{"href":"https:\/\/www.drcengizcelik.com\/ku\/wp-json\/wp\/v2\/types\/page"}],"author":[{"embeddable":true,"href":"https:\/\/www.drcengizcelik.com\/ku\/wp-json\/wp\/v2\/users\/1"}],"replies":[{"embeddable":true,"href":"https:\/\/www.drcengizcelik.com\/ku\/wp-json\/wp\/v2\/comments?post=271"}],"version-history":[{"count":19,"href":"https:\/\/www.drcengizcelik.com\/ku\/wp-json\/wp\/v2\/pages\/271\/revisions"}],"predecessor-version":[{"id":524,"href":"https:\/\/www.drcengizcelik.com\/ku\/wp-json\/wp\/v2\/pages\/271\/revisions\/524"}],"wp:attachment":[{"href":"https:\/\/www.drcengizcelik.com\/ku\/wp-json\/wp\/v2\/media?parent=271"}],"curies":[{"name":"wp","href":"https:\/\/api.w.org\/{rel}","templated":true}]}}