{"id":273,"date":"2024-01-25T15:23:30","date_gmt":"2024-01-25T12:23:30","guid":{"rendered":"https:\/\/www.drcengizcelik.com\/?page_id=273"},"modified":"2024-03-12T12:32:31","modified_gmt":"2024-03-12T09:32:31","slug":"","status":"publish","type":"page","link":"https:\/\/www.drcengizcelik.com\/ku\/talep","title":{"rendered":"","raw":""},"content":{"rendered":"","protected":false,"raw":""},"excerpt":{"rendered":"","protected":false,"raw":""},"author":1,"featured_media":0,"parent":0,"menu_order":0,"comment_status":"closed","ping_status":"closed","template":"basliksiz.php","meta":{"_tr_post_content":"<h1>Talepte Bulun<\/h1>\r\n\r\nG\u00fczel \u015fehrimiz Do\u011fubayaz\u0131t'\u0131n toplumsal kalk\u0131nmas\u0131 i\u00e7in canla ba\u015fla \u00e7al\u0131\u015f\u0131yoruz.\r\n\r\n<ul class=\"talep-butonlar\" style=\"margin-bottom: 30px;margin-top: 15px;\">\r\n  <li><a href=\"https:\/\/www.drcengizcelik.com\/talep-is\">\u0130\u015f Ba\u015fvurusu Talebinde Bulun<\/a><\/li>\r\n  <li><a href=\"https:\/\/www.drcengizcelik.com\/talep-egitim\">\u00d6\u011frenci\/E\u011fitim Bursu Talebinde Bulun<\/a><\/li>\r\n  <li><a href=\"https:\/\/www.drcengizcelik.com\/talep-yardim\">Yard\u0131m Paketi Talebinde Bulun<\/a><\/li>\r\n  <li><a href=\"https:\/\/www.drcengizcelik.com\/talep-aile\">Aile Destek Birimi Talebi<\/a><\/li>\r\n  <li><a href=\"https:\/\/www.drcengizcelik.com\/talep-oneri\">\u00d6neri, G\u00f6r\u00fc\u015f, \u015eikayet Talebinde Bulun<\/a><\/li>\r\n  <li><a href=\"https:\/\/www.drcengizcelik.com\/gonullu-ol\">Faaliyetlerimizde G\u00f6n\u00fcll\u00fc Ol<\/a><\/li>\r\n  <li><a href=\"https:\/\/www.drcengizcelik.com\/bir-fikrim-var\">Bir Fikrim Var<\/a><\/li>\r\n<\/ul>\r\n\r\nTalep yo\u011funlu\u011fundan dolay\u0131 formu g\u00f6ndermede sorun ya\u015faman\u0131z durumunda l\u00fctfen \u0130leti\u015fim ofisimiz WhatsApp\u2019\u0131 <a href=\"https:\/\/api.whatsapp.com\/send?phone=905352340555\">0 (535) 234 0 555<\/a> \u00fczerinden yaz\u0131l\u0131 talepte bulununuz.\r\n\r\nBa\u015fvurunuz ileti\u015fim ofisimiz departman\u0131 taraf\u0131ndan kay\u0131t alt\u0131na al\u0131nmaktad\u0131r. En k\u0131sa s\u00fcrede sizlere d\u00f6n\u00fc\u015f sa\u011flanacakt\u0131r. Ba\u015fvurunuz i\u00e7in te\u015fekk\u00fcr ederiz.","_tr_post_name":"talep","_tr_post_excerpt":"","_tr_post_title":"Talep","_ku_post_content":"","_ku_post_name":"","_ku_post_excerpt":"","_ku_post_title":"","edit_language":"ku","footnotes":""},"_links":{"self":[{"href":"https:\/\/www.drcengizcelik.com\/ku\/wp-json\/wp\/v2\/pages\/273"}],"collection":[{"href":"https:\/\/www.drcengizcelik.com\/ku\/wp-json\/wp\/v2\/pages"}],"about":[{"href":"https:\/\/www.drcengizcelik.com\/ku\/wp-json\/wp\/v2\/types\/page"}],"author":[{"embeddable":true,"href":"https:\/\/www.drcengizcelik.com\/ku\/wp-json\/wp\/v2\/users\/1"}],"replies":[{"embeddable":true,"href":"https:\/\/www.drcengizcelik.com\/ku\/wp-json\/wp\/v2\/comments?post=273"}],"version-history":[{"count":18,"href":"https:\/\/www.drcengizcelik.com\/ku\/wp-json\/wp\/v2\/pages\/273\/revisions"}],"predecessor-version":[{"id":1026,"href":"https:\/\/www.drcengizcelik.com\/ku\/wp-json\/wp\/v2\/pages\/273\/revisions\/1026"}],"wp:attachment":[{"href":"https:\/\/www.drcengizcelik.com\/ku\/wp-json\/wp\/v2\/media?parent=273"}],"curies":[{"name":"wp","href":"https:\/\/api.w.org\/{rel}","templated":true}]}}