{"id":316,"date":"2024-02-03T19:23:22","date_gmt":"2024-02-03T16:23:22","guid":{"rendered":"https:\/\/www.drcengizcelik.com\/?page_id=316"},"modified":"2024-02-11T18:04:35","modified_gmt":"2024-02-11T15:04:35","slug":"","status":"publish","type":"page","link":"https:\/\/www.drcengizcelik.com\/ku\/hakkimda","title":{"rendered":"","raw":""},"content":{"rendered":"","protected":false,"raw":""},"excerpt":{"rendered":"","protected":false,"raw":""},"author":1,"featured_media":0,"parent":0,"menu_order":0,"comment_status":"closed","ping_status":"closed","template":"","meta":{"_tr_post_content":"<ul class=\"butonlar\">\r\n \t<li><a href=\"https:\/\/www.drcengizcelik.com\/beni-taniyin\">BEN\u0130 TANIYIN<\/a><\/li>\r\n \t<li><a href=\"https:\/\/www.drcengizcelik.com\/gorevleri\">G\u00d6REVLER \u00dcYEL\u0130KLER VE FAAL\u0130YETLER\u0130<\/a><\/li>\r\n \t<li><a href=\"https:\/\/www.drcengizcelik.com\/patent-ve-tasarimlari\">PATENT VE TASARIMLARI<\/a><\/li>\r\n \t<li><a href=\"https:\/\/www.drcengizcelik.com\/kose-yazilari\">GAZETE K\u00d6\u015eE YAZARLI\u011eI YAYINLARI VE MAKALELER\u0130<\/a><\/li>\r\n \t<li><a href=\"https:\/\/www.drcengizcelik.com\/kitaplari-ve-yayimlari\">SEMPOZYUM K\u0130TAPLARI VE YAYIMLARI<\/a><\/li>\r\n \t<li><a href=\"https:\/\/www.drcengizcelik.com\/sempozyumlar\">KATILIM SA\u011eLADI\u011eI VE B\u0130LD\u0130R\u0130 SUNDU\u011eU ULUSLARARASI SEMPOZYUMLAR<\/a><\/li>\r\n \t<li><a href=\"https:\/\/www.drcengizcelik.com\/category\/projeler\">UYGULANMI\u015e VE HAZIRLANMI\u015e PROJELER\u0130<\/a><\/li>\r\n<\/ul>","_tr_post_name":"hakkimda","_tr_post_excerpt":"","_tr_post_title":"Hakk\u0131mda","_ku_post_content":"","_ku_post_name":"","_ku_post_excerpt":"","_ku_post_title":"","edit_language":"ku","footnotes":""},"_links":{"self":[{"href":"https:\/\/www.drcengizcelik.com\/ku\/wp-json\/wp\/v2\/pages\/316"}],"collection":[{"href":"https:\/\/www.drcengizcelik.com\/ku\/wp-json\/wp\/v2\/pages"}],"about":[{"href":"https:\/\/www.drcengizcelik.com\/ku\/wp-json\/wp\/v2\/types\/page"}],"author":[{"embeddable":true,"href":"https:\/\/www.drcengizcelik.com\/ku\/wp-json\/wp\/v2\/users\/1"}],"replies":[{"embeddable":true,"href":"https:\/\/www.drcengizcelik.com\/ku\/wp-json\/wp\/v2\/comments?post=316"}],"version-history":[{"count":6,"href":"https:\/\/www.drcengizcelik.com\/ku\/wp-json\/wp\/v2\/pages\/316\/revisions"}],"predecessor-version":[{"id":602,"href":"https:\/\/www.drcengizcelik.com\/ku\/wp-json\/wp\/v2\/pages\/316\/revisions\/602"}],"wp:attachment":[{"href":"https:\/\/www.drcengizcelik.com\/ku\/wp-json\/wp\/v2\/media?parent=316"}],"curies":[{"name":"wp","href":"https:\/\/api.w.org\/{rel}","templated":true}]}}