{"id":337,"date":"2024-02-03T19:44:06","date_gmt":"2024-02-03T16:44:06","guid":{"rendered":"https:\/\/www.drcengizcelik.com\/?page_id=337"},"modified":"2024-02-03T20:09:55","modified_gmt":"2024-02-03T17:09:55","slug":"","status":"publish","type":"page","link":"https:\/\/www.drcengizcelik.com\/ku\/patent-ve-tasarimlari","title":{"rendered":"","raw":""},"content":{"rendered":"","protected":false,"raw":""},"excerpt":{"rendered":"","protected":false,"raw":""},"author":1,"featured_media":0,"parent":0,"menu_order":0,"comment_status":"closed","ping_status":"closed","template":"basliksiz.php","meta":{"_tr_post_content":"<h1>PATENT VE TASARIMLARI<\/h1>\r\n\r\n\u00dcN\u0130VERSAL \u00c7OK AMA\u00c7LI \u0130\u015e MAK\u0130NASI \/ 2012\r\n\r\nLOWBED ARA\u00c7 VE \u0130\u015e MAK\u0130NASI TA\u015eIMA TREYLER\u0130 \/ 2011\r\n\r\nYATAY SONDAJ MAK\u0130NASI (25m) \/ 2013\r\n\r\nAMF\u0130 SALONU G\u00d6Z TEMASI VE SES AKUST\u0130\u011e\u0130 PROJE TASARIMI \/ 2014\r\n\r\nD\u0130J\u0130TAL BANKO VE RAD\u0130US TASARIMI \/ 2016\r\n\r\nKONFERANS SALONU AMF\u0130 OTURMA ERGONOM\u0130S\u0130 TASARIMI \/ 2015\r\n\r\nKAPI PENCERE \u0130MALATI KOPYA FIREZE MAK\u0130NA TASARIMI \/ 2010\r\n\r\nPVC KEMER B\u00dcK\u00dcM MODELLEME MAK\u0130NASI \/ 2009\r\n\r\nISICAM NEM ALICI DOLUM MAK\u0130NASI \/ 2009 \r\n\r\nR\u0130SK G\u00dcVENL\u0130KL\u0130 CAM TA\u015eIMA VE EBATLANDIRMA MAK\u0130NASI \/ 2009\r\n\r\nB\u00dcY\u00dcK BA\u015e HAYVAN EK\u0130PMANI TIRNAK KES\u0130M SEHPASI - H\u0130DROL\u0130K \/ 2014\r\n\r\nY\u00dcZER \u0130SKELE S\u0130STEMLER\u0130 PLATFORMU \/ 2015\r\n\r\nTUR\u0130Z\u0130M ALANLARI \u0130\u00c7\u0130N MOTORLU MOB\u0130L WC ARA\u00c7 TASARIMI \/ 2015\r\n\r\nTUR\u0130Z\u0130M ALANLARI \u0130\u00c7\u0130N MOTORSUZ MOB\u0130L WC ARA\u00c7 TASARIMI \/ 2016\r\n\r\nJENARAT\u00d6R'DE YAKITSIZ, KES\u0130NT\u0130S\u0130Z ENERJ\u0130 \u00dcRET\u0130M\u0130 VE YEN\u0130LENEB\u0130L\u0130R ENERJ\u0130 TASARIMI (Prototipi yap\u0131ld\u0131 \u00e7al\u0131\u015f\u0131r durumda test edildi, Patent Ba\u015fvurusu a\u015famas\u0131nda) \/ 2023\r\n\r\n<h2>DAHA FAZLA B\u0130LG\u0130 ED\u0130N\u0130N<\/h2>\r\n\r\n<ul class=\"butonlar\">\r\n  <li><a href=\"https:\/\/www.drcengizcelik.com\/gorevleri\">BEN\u0130 TANIYIN<\/a><\/li>\r\n  <li><a href=\"https:\/\/www.drcengizcelik.com\/gorevleri\">G\u00d6REVLER \u00dcYEL\u0130KLER VE FAAL\u0130YETLER\u0130<\/a><\/li>\r\n  <li><a href=\"https:\/\/www.drcengizcelik.com\/kose-yazilari\">GAZETE K\u00d6\u015eE YAZARLI\u011eI YAYINLARI VE MAKALELER\u0130<\/a><\/li>\r\n  <li><a href=\"https:\/\/www.drcengizcelik.com\/kitaplari-ve-yayimlari\">SEMPOZYUM K\u0130TAPLARI VE YAYIMLARI<\/a><\/li>\r\n  <li><a href=\"https:\/\/www.drcengizcelik.com\/sempozyumlar\">KATILIM SA\u011eLADI\u011eI VE B\u0130LD\u0130R\u0130 SUNDU\u011eU ULUSLARARASI SEMPOZYUMLAR<\/a><\/li>\r\n  <li><a href=\"https:\/\/www.drcengizcelik.com\/category\/projeler\">UYGULANMI\u015e VE HAZIRLANMI\u015e PROJELER\u0130<\/a><\/li>\r\n<\/ul>\r\n","_tr_post_name":"patent-ve-tasarimlari","_tr_post_excerpt":"","_tr_post_title":"Patent ve Tasar\u0131mlar\u0131","_ku_post_content":"","_ku_post_name":"","_ku_post_excerpt":"","_ku_post_title":"","edit_language":"ku","footnotes":""},"_links":{"self":[{"href":"https:\/\/www.drcengizcelik.com\/ku\/wp-json\/wp\/v2\/pages\/337"}],"collection":[{"href":"https:\/\/www.drcengizcelik.com\/ku\/wp-json\/wp\/v2\/pages"}],"about":[{"href":"https:\/\/www.drcengizcelik.com\/ku\/wp-json\/wp\/v2\/types\/page"}],"author":[{"embeddable":true,"href":"https:\/\/www.drcengizcelik.com\/ku\/wp-json\/wp\/v2\/users\/1"}],"replies":[{"embeddable":true,"href":"https:\/\/www.drcengizcelik.com\/ku\/wp-json\/wp\/v2\/comments?post=337"}],"version-history":[{"count":5,"href":"https:\/\/www.drcengizcelik.com\/ku\/wp-json\/wp\/v2\/pages\/337\/revisions"}],"predecessor-version":[{"id":369,"href":"https:\/\/www.drcengizcelik.com\/ku\/wp-json\/wp\/v2\/pages\/337\/revisions\/369"}],"wp:attachment":[{"href":"https:\/\/www.drcengizcelik.com\/ku\/wp-json\/wp\/v2\/media?parent=337"}],"curies":[{"name":"wp","href":"https:\/\/api.w.org\/{rel}","templated":true}]}}