{"id":341,"date":"2024-02-03T19:51:54","date_gmt":"2024-02-03T16:51:54","guid":{"rendered":"https:\/\/www.drcengizcelik.com\/?page_id=341"},"modified":"2024-02-03T20:10:37","modified_gmt":"2024-02-03T17:10:37","slug":"","status":"publish","type":"page","link":"https:\/\/www.drcengizcelik.com\/ku\/kose-yazilari","title":{"rendered":"","raw":""},"content":{"rendered":"","protected":false,"raw":""},"excerpt":{"rendered":"","protected":false,"raw":""},"author":1,"featured_media":0,"parent":0,"menu_order":0,"comment_status":"closed","ping_status":"closed","template":"basliksiz.php","meta":{"_tr_post_content":"<h1>GAZETE K\u00d6\u015eE YAZARLI\u011eI YAYINLARI VE MAKALELER\u0130<\/h1>\r\n\r\nURARTU MEDEN\u0130YET\u0130 VE DO\u011eUBEYAZIT TUR\u0130ZM\u0130NDEK\u0130 \u00d6NEM\u0130 (Do\u011fubeyaz\u0131t Gazetesi) 08 Aral\u0131k 2014\r\n\r\n''\u00c7em\u00ea M\u00fbrad\u00ea'' A\u011eRI'DA B\u0130R\u00c7OK \u015eEH\u0130RE NAS\u0130P OLMAYAN AKARSULARIN \u00d6NEM\u0130 & A\u011eRI M\u0130LLET BAH\u00c7ES\u0130 (Do\u011fubeyaz\u0131t Halk\u0131n Sesi Gazetesi) 15 OCAK 2015\r\n\r\nKALDIRIMLAR VE OTOPARKLAR MEDEN\u0130YET DE\u011e\u0130L M\u0130D\u0130R (Do\u011fubeyaz\u0131t Gazetesi, Arkitera mimarl\u0131k portal\u0131 \u0130stanbul) 31 Mart 2015\r\n\r\nD\u0130YAD\u0130N KANYONU VE TUR\u0130Z\u0130M POTANS\u0130YEL\u0130 (Do\u011fubeyaz\u0131t Gazetesi) 05 Haziran 2015\r\n\r\nTAR\u0130HSEL \u00d6L\u00c7EKTE DO\u011eUBEYAZIT'IN D\u0130KEY YAPILA\u015eMASI (Do\u011fubeyaz\u0131t Gazetesi) 13 Haziran 2015\r\n\r\n<h2>DAHA FAZLA B\u0130LG\u0130 ED\u0130N\u0130N<\/h2>\r\n\r\n<ul class=\"butonlar\">\r\n  <li><a href=\"https:\/\/www.drcengizcelik.com\/gorevleri\">BEN\u0130 TANIYIN<\/a><\/li>\r\n  <li><a href=\"https:\/\/www.drcengizcelik.com\/gorevleri\">G\u00d6REVLER \u00dcYEL\u0130KLER VE FAAL\u0130YETLER\u0130<\/a><\/li>\r\n  <li><a href=\"https:\/\/www.drcengizcelik.com\/patent-ve-tasarimlari\">PATENT VE TASARIMLARI<\/a><\/li>\r\n  <li><a href=\"https:\/\/www.drcengizcelik.com\/kitaplari-ve-yayimlari\">SEMPOZYUM K\u0130TAPLARI VE YAYIMLARI<\/a><\/li>\r\n  <li><a href=\"https:\/\/www.drcengizcelik.com\/sempozyumlar\">KATILIM SA\u011eLADI\u011eI VE B\u0130LD\u0130R\u0130 SUNDU\u011eU ULUSLARARASI SEMPOZYUMLAR<\/a><\/li>\r\n  <li><a href=\"https:\/\/www.drcengizcelik.com\/category\/projeler\">UYGULANMI\u015e VE HAZIRLANMI\u015e PROJELER\u0130<\/a><\/li>\r\n<\/ul>","_tr_post_name":"kose-yazilari","_tr_post_excerpt":"","_tr_post_title":"K\u00f6\u015fe Yaz\u0131lar\u0131","_ku_post_content":"","_ku_post_name":"","_ku_post_excerpt":"","_ku_post_title":"","edit_language":"ku","footnotes":""},"_links":{"self":[{"href":"https:\/\/www.drcengizcelik.com\/ku\/wp-json\/wp\/v2\/pages\/341"}],"collection":[{"href":"https:\/\/www.drcengizcelik.com\/ku\/wp-json\/wp\/v2\/pages"}],"about":[{"href":"https:\/\/www.drcengizcelik.com\/ku\/wp-json\/wp\/v2\/types\/page"}],"author":[{"embeddable":true,"href":"https:\/\/www.drcengizcelik.com\/ku\/wp-json\/wp\/v2\/users\/1"}],"replies":[{"embeddable":true,"href":"https:\/\/www.drcengizcelik.com\/ku\/wp-json\/wp\/v2\/comments?post=341"}],"version-history":[{"count":5,"href":"https:\/\/www.drcengizcelik.com\/ku\/wp-json\/wp\/v2\/pages\/341\/revisions"}],"predecessor-version":[{"id":370,"href":"https:\/\/www.drcengizcelik.com\/ku\/wp-json\/wp\/v2\/pages\/341\/revisions\/370"}],"wp:attachment":[{"href":"https:\/\/www.drcengizcelik.com\/ku\/wp-json\/wp\/v2\/media?parent=341"}],"curies":[{"name":"wp","href":"https:\/\/api.w.org\/{rel}","templated":true}]}}