{"id":345,"date":"2024-02-03T19:55:15","date_gmt":"2024-02-03T16:55:15","guid":{"rendered":"https:\/\/www.drcengizcelik.com\/?page_id=345"},"modified":"2024-02-03T20:10:52","modified_gmt":"2024-02-03T17:10:52","slug":"","status":"publish","type":"page","link":"https:\/\/www.drcengizcelik.com\/ku\/kitaplari-ve-yayimlari","title":{"rendered":"","raw":""},"content":{"rendered":"","protected":false,"raw":""},"excerpt":{"rendered":"","protected":false,"raw":""},"author":1,"featured_media":0,"parent":0,"menu_order":0,"comment_status":"closed","ping_status":"closed","template":"basliksiz.php","meta":{"_tr_post_content":"<h1>SEMPOZYUM K\u0130TAPLARI VE YAYIMLARI<\/h1>\r\n\r\nDO\u011eUBEYAZIT \u0130L\u00c7ES\u0130N\u0130N DO\u011eAL TUR\u0130Z\u0130M DE\u011eERLER\u0130 VE TUR\u0130Z\u0130M POTANS\u0130YEL\u0130N\u0130N B\u00d6LGE KALKINMASINDAK\u0130 \u00d6NEM\u0130 (II. ULUSLARARASI T\u00dcRK\u0130YE K\u00dcLT\u00dcR\u00dcNDE A\u011eRI DA\u011eI SEMPOZYUMU Cengiz \u00c7EL\u0130K) 13-14 Mart 2016 - I\u011eDIR\r\n\r\nSEL\u00c7UKLU D\u00d6NEM\u0130NDE AN\u0130 \u015eEHR\u0130N\u0130N \u00d6NEML\u0130 M\u0130MAR\u0130 ANITLARI KARS KAFKAS \u00dcN\u0130VERS\u0130TES\u0130 (I. ULUSLARARASI AN\u0130- KARS SEMPOZYUMU Cengiz \u00c7EL\u0130K) 14-16 A\u011eUSTOS 2014 - KARS\r\n\r\nDO\u011eUBEYAZIT PLATOSUNDA YEN\u0130 B\u0130R URARTU SAVUNMA TES\u0130S\u0130: KALUS KALES\u0130 (II. ULUSLARARASI T\u00dcRK\u0130YE K\u00dcLT\u00dcR\u00dcNDE A\u011eRI DA\u011eI SEMPOZYUMU Cengiz \u00c7EL\u0130K) 13-14 MART 2016- I\u011eDIR\r\n\r\nS\u018fLCUQ D\u00d6VR\u00dc NAX\u00c7IVANIN C\u00dcM\u018f CAM\u0130S\u0130 \u201cULU \u00d6ND\u018fR HEYD\u018fR \u018fL\u0130YEV \u0130RS\u0130ND\u018f MULT\u0130KULTURAL V\u018f TOLERANT D\u018fY\u018fRL\u018fR\u201d BEYN\u018fLXALQ ELM\u0130 KONFRANSI 3-5 MAY 2016 BAK\u00dc \r\n\r\nT\u00dcRK\u0130YE \u0130SLAM M\u0130MAR\u0130S\u0130NDE SELCUKLU CAM\u0130LER\u0130 (ULUSLARARASI SOSYAL B\u0130L\u0130MLER SEMPOZYUMU Cengiz \u00c7EL\u0130K ) 13-14-15 EK\u0130M 2016 ELAZI\u011e\r\n\r\nDO\u011eUBEYAZIT \u015eEHR\u0130\u2019N\u0130N TUR\u0130ZM Y\u00d6N\u00dcNDEN KALKINMASINDA TAR\u0130H\u0130 VE K\u00dcLT\u00dcREL DE\u011eERLER\u0130N \u00d6NEM\u0130 (II. ULUSLARARASI T\u00dcRK\u0130YE K\u00dcLT\u00dcR\u00dcNDE A\u011eRI DA\u011eI SEMPOZYUMU Cengiz \u00c7EL\u0130K) 18-20 Ekim 2017- A\u011eRI\r\n\r\n\u0130RANIN S\u018fLCUQLAR D\u00d6VR\u00dc CAM\u0130 MEMARLI\u011eI AZ\u018fRBAYCAN MEMARLAR \u0130TT\u0130FAQI \u201cMEMARLIQ\u201d JURNALI 2017 BAK\u00dc\r\n\r\nSEL\u00c7UKLU DEVR\u0130NDE M\u0130MARLIK AB\u0130DELER\u0130 Sciences of Europe(Praha,Czech Republic) 2019 \u00c7EKYA CUMHUR\u0130YET\u0130\r\n\r\nY\u00d6NET\u0130C\u0130L\u0130KTE G\u00dc\u00c7 ZEH\u0130RLENMES\u0130 & KURUMSAL VE TOPLUMSAL YANSIMALARI 2023\r\n\r\nA\u011eRI DA\u011eI B\u00d6LGES\u0130N\u0130N \u00d6NEML\u0130 TAR\u0130H, K\u00dcLT\u00dcR VE T\u0130CARET \u015eEHR\u0130; DO\u011eUBEYAZIT 2023\r\n\r\nA NEW URARTIAN DEFENSE FOUNDATION IN DOGUBEYAZIT PLATEAU: KALUS CASTLE (ARARAT DA\u011eI VE NUH'UN GEM\u0130S\u0130 ARA\u015eTIRMALARI Cengiz \u00c7EL\u0130K) 31 A\u011eUSTOS 2023 \u0130STANBUL\r\n\r\nNATURAL TOURISM VALUES OF DOGUBEYAZIT DISTRICT AND THE IMPORTANCE OF TOURISM POTENTIAL REGIONAL DEVELOPMENT (ARARAT DA\u011eI VE NUH'UN GEM\u0130S\u0130 ARA\u015eTIRMALARI Cengiz \u00c7EL\u0130K) 31 A\u011eUSTOS 2023 \u0130STANBUL\r\n\r\nTHE SIGNIFICANCE OF HISTORICAL AND CULTURAL VALUES IN THE DEVELOPMENT OF DO\u011eUBEYAZIT CITY TOURISM (ARARAT DA\u011eI VE NUH'UN GEM\u0130S\u0130 ARA\u015eTIRMALARI Cengiz \u00c7EL\u0130K) 31 A\u011eUSTOS 2023 \u0130STANBUL\r\n\r\n<h2>DAHA FAZLA B\u0130LG\u0130 ED\u0130N\u0130N<\/h2>\r\n\r\n<ul class=\"butonlar\">\r\n  <li><a href=\"https:\/\/www.drcengizcelik.com\/gorevleri\">BEN\u0130 TANIYIN<\/a><\/li>\r\n  <li><a href=\"https:\/\/www.drcengizcelik.com\/gorevleri\">G\u00d6REVLER \u00dcYEL\u0130KLER VE FAAL\u0130YETLER\u0130<\/a><\/li>\r\n  <li><a href=\"https:\/\/www.drcengizcelik.com\/patent-ve-tasarimlari\">PATENT VE TASARIMLARI<\/a><\/li>\r\n  <li><a href=\"https:\/\/www.drcengizcelik.com\/kose-yazilari\">GAZETE K\u00d6\u015eE YAZARLI\u011eI YAYINLARI VE MAKALELER\u0130<\/a><\/li>\r\n  <li><a href=\"https:\/\/www.drcengizcelik.com\/sempozyumlar\">KATILIM SA\u011eLADI\u011eI VE B\u0130LD\u0130R\u0130 SUNDU\u011eU ULUSLARARASI SEMPOZYUMLAR<\/a><\/li>\r\n  <li><a href=\"https:\/\/www.drcengizcelik.com\/category\/projeler\">UYGULANMI\u015e VE HAZIRLANMI\u015e PROJELER\u0130<\/a><\/li>\r\n<\/ul>\r\n","_tr_post_name":"kitaplari-ve-yayimlari","_tr_post_excerpt":"","_tr_post_title":"Kitaplar\u0131 ve Yay\u0131mlar\u0131","_ku_post_content":"","_ku_post_name":"","_ku_post_excerpt":"","_ku_post_title":"","edit_language":"ku","footnotes":""},"_links":{"self":[{"href":"https:\/\/www.drcengizcelik.com\/ku\/wp-json\/wp\/v2\/pages\/345"}],"collection":[{"href":"https:\/\/www.drcengizcelik.com\/ku\/wp-json\/wp\/v2\/pages"}],"about":[{"href":"https:\/\/www.drcengizcelik.com\/ku\/wp-json\/wp\/v2\/types\/page"}],"author":[{"embeddable":true,"href":"https:\/\/www.drcengizcelik.com\/ku\/wp-json\/wp\/v2\/users\/1"}],"replies":[{"embeddable":true,"href":"https:\/\/www.drcengizcelik.com\/ku\/wp-json\/wp\/v2\/comments?post=345"}],"version-history":[{"count":4,"href":"https:\/\/www.drcengizcelik.com\/ku\/wp-json\/wp\/v2\/pages\/345\/revisions"}],"predecessor-version":[{"id":371,"href":"https:\/\/www.drcengizcelik.com\/ku\/wp-json\/wp\/v2\/pages\/345\/revisions\/371"}],"wp:attachment":[{"href":"https:\/\/www.drcengizcelik.com\/ku\/wp-json\/wp\/v2\/media?parent=345"}],"curies":[{"name":"wp","href":"https:\/\/api.w.org\/{rel}","templated":true}]}}