{"id":348,"date":"2024-02-03T19:56:31","date_gmt":"2024-02-03T16:56:31","guid":{"rendered":"https:\/\/www.drcengizcelik.com\/?page_id=348"},"modified":"2024-02-03T20:11:04","modified_gmt":"2024-02-03T17:11:04","slug":"","status":"publish","type":"page","link":"https:\/\/www.drcengizcelik.com\/ku\/sempozyumlar","title":{"rendered":"","raw":""},"content":{"rendered":"","protected":false,"raw":""},"excerpt":{"rendered":"","protected":false,"raw":""},"author":1,"featured_media":0,"parent":0,"menu_order":0,"comment_status":"closed","ping_status":"closed","template":"basliksiz.php","meta":{"_tr_post_content":"<h1>KATILIM SA\u011eLADI\u011eI VE B\u0130LD\u0130R\u0130 SUNDU\u011eU ULUSLARARASI SEMPOZYUMLAR<\/h1>\r\n\r\nG\u00dcNE\u015e\u0130N DO\u011eDU\u011eU YER DO\u011eUBEYAZIT SEMPOZYUMU 13-14 Eyl\u00fcl 2003 - DO\u011eUBEYAZIT\r\n\r\nI. ULUSLARARASI A\u011eRI DA\u011eI VE NUH'UN GEM\u0130S\u0130 SEMPOZYUMU 07-11 Eyl\u00fcl 2005 - DO\u011eUBEYAZIT\r\n\r\nIV. ULUSLARARASI VAN G\u00d6L\u00dc HAVZASI SEMPOZYUMU 17-21 HAZ\u0130RAN 2008 - AHLAT\r\n\r\nII. ULUSLARARASI A\u011eRI DA\u011eI VE NUH'UN GEM\u0130S\u0130 SEMPOZYUMU 08-10 Ekim 2008 - DO\u011eUBEYAZIT\r\n\r\nIII. ULUSLARARASI A\u011eRI DA\u011eI VE NUH'UN GEM\u0130S\u0130 SEMPOZYUMU 12-14 Ekim 2010 - A\u011eRI\r\n\r\nVII. ULUSLARARASI VAN G\u00d6L\u00dc HAVZASI SEMPOZYUMU 04-07 EK\u0130M 2011 - B\u0130TL\u0130S\r\n\r\nII. ULUSLARARASI ARAS HAVZASI SEMPOZYUMU 13-15 ARALIK 2011 - I\u011eDIR\r\n\r\nI. ULUSLARARASI AN\u0130 - KARS SEMPOZYUMU 14 -16 A\u011fustos 2014 - KARS\r\n\r\nII. ULUSLARARASI T\u00dcRK\u0130YE K\u00dcLT\u00dcR\u00dcNDE A\u011eRI DA\u011eI SEMPOZYUMU 1. B\u0130LD\u0130R\u0130 13-14 Mart 2016 - I\u011eDIR\r\n\r\nII. ULUSLARARASI T\u00dcRK\u0130YE K\u00dcLT\u00dcR\u00dcNDE A\u011eRI DA\u011eI SEMPOZYUMU 2. B\u0130LD\u0130R\u0130 13-14 Mart 2016 - I\u011eDIR\r\n\r\nNAH\u00c7IVAN VE DO\u011eU ANADOLU AB\u0130DELER\u0130 BEYNELHALK KONFERANSI 25 N\u0130SAN 2015 \u2013 AZERBAYCAN NAH\u00c7IVAN\r\n\r\nULUSLARARASI HEYKEL WORKSHOP A\u011eRI \u00dcN\u0130V. VE NAH\u00c7IVAN \u00dcN\u0130VERS\u0130TES\u0130 11-12, MAYIS 2015 \u2013 AZERBAYCAN NAH\u00c7IVAN\r\n\r\nULUSLARARASI SOSYAL B\u0130L\u0130MLER SEMPOZYUMU 13-14-15 EK\u0130M 2016 \u2013 ELAZI\u011e\r\n\r\nULU \u00d6ND\u018fR HEYD\u018fR \u018fL\u0130YEV \u0130RS\u0130ND\u018f MULT\u0130KULTURAL V\u018f TOLERANT D\u018fY\u018fRL\u018fR - BEYN\u018fLXALQ ELM\u0130 KONFRANSI 3-5 MAY 2016 AZERBAYCAN BAK\u00dc\r\n\r\nIV. ULUSLARARASI A\u011eRI DA\u011eI VE NUH\u2019UN GEM\u0130S\u0130 SEMPOZYUMU 18-20 EK\u0130M 2017 - A\u011eRI\r\n\r\nV. ULUSLARARASI A\u011eRI DA\u011eI VE NUH\u2019UN GEM\u0130S\u0130 SEMPOZYUMU 16-18 EK\u0130M 2019 - A\u011eRI\r\n\r\nVI. ULUSLARARASI A\u011eRI DA\u011eI ve NUH'UN GEM\u0130S\u0130 SEMPOZYUMU 26-27 Ekim 2021 - A\u011eRI\r\n\r\nVII. ULUSLARARASI AHMED-\u0130 H\u00c2N\u020a SEMPOZYUMU 23-24 Kas\u0131m 2023 - A\u011eRI\r\n\r\nMOUNT ARARAT & NOAH'S ARK RESEARCHES \/ ARARAT DA\u011eI VE NUH'UN GEM\u0130S\u0130 ARA\u015eTIRMALARI \/  01 Eyl\u00fcl 2023 \u2013 \u0130STANBUL\r\n\r\n<h2>DAHA FAZLA B\u0130LG\u0130 ED\u0130N\u0130N<\/h2>\r\n\r\n<ul class=\"butonlar\">\r\n  <li><a href=\"https:\/\/www.drcengizcelik.com\/gorevleri\">BEN\u0130 TANIYIN<\/a><\/li>\r\n  <li><a href=\"https:\/\/www.drcengizcelik.com\/gorevleri\">G\u00d6REVLER \u00dcYEL\u0130KLER VE FAAL\u0130YETLER\u0130<\/a><\/li>\r\n  <li><a href=\"https:\/\/www.drcengizcelik.com\/patent-ve-tasarimlari\">PATENT VE TASARIMLARI<\/a><\/li>\r\n  <li><a href=\"https:\/\/www.drcengizcelik.com\/kose-yazilari\">GAZETE K\u00d6\u015eE YAZARLI\u011eI YAYINLARI VE MAKALELER\u0130<\/a><\/li>\r\n  <li><a href=\"https:\/\/www.drcengizcelik.com\/kitaplari-ve-yayimlari\">SEMPOZYUM K\u0130TAPLARI VE YAYIMLARI<\/a><\/li>\r\n  <li><a href=\"https:\/\/www.drcengizcelik.com\/category\/projeler\">UYGULANMI\u015e VE HAZIRLANMI\u015e PROJELER\u0130<\/a><\/li>\r\n<\/ul>\r\n","_tr_post_name":"sempozyumlar","_tr_post_excerpt":"","_tr_post_title":"Sempozyumlar","_ku_post_content":"","_ku_post_name":"","_ku_post_excerpt":"","_ku_post_title":"","edit_language":"ku","footnotes":""},"_links":{"self":[{"href":"https:\/\/www.drcengizcelik.com\/ku\/wp-json\/wp\/v2\/pages\/348"}],"collection":[{"href":"https:\/\/www.drcengizcelik.com\/ku\/wp-json\/wp\/v2\/pages"}],"about":[{"href":"https:\/\/www.drcengizcelik.com\/ku\/wp-json\/wp\/v2\/types\/page"}],"author":[{"embeddable":true,"href":"https:\/\/www.drcengizcelik.com\/ku\/wp-json\/wp\/v2\/users\/1"}],"replies":[{"embeddable":true,"href":"https:\/\/www.drcengizcelik.com\/ku\/wp-json\/wp\/v2\/comments?post=348"}],"version-history":[{"count":5,"href":"https:\/\/www.drcengizcelik.com\/ku\/wp-json\/wp\/v2\/pages\/348\/revisions"}],"predecessor-version":[{"id":372,"href":"https:\/\/www.drcengizcelik.com\/ku\/wp-json\/wp\/v2\/pages\/348\/revisions\/372"}],"wp:attachment":[{"href":"https:\/\/www.drcengizcelik.com\/ku\/wp-json\/wp\/v2\/media?parent=348"}],"curies":[{"name":"wp","href":"https:\/\/api.w.org\/{rel}","templated":true}]}}