{"id":520,"date":"2024-02-06T11:49:00","date_gmt":"2024-02-06T08:49:00","guid":{"rendered":"https:\/\/www.drcengizcelik.com\/?page_id=520"},"modified":"2024-02-08T11:42:44","modified_gmt":"2024-02-08T08:42:44","slug":"","status":"publish","type":"page","link":"https:\/\/www.drcengizcelik.com\/ku\/halkimiza-mesaji","title":{"rendered":"","raw":""},"content":{"rendered":"","protected":false,"raw":""},"excerpt":{"rendered":"","protected":false,"raw":""},"author":1,"featured_media":0,"parent":0,"menu_order":0,"comment_status":"closed","ping_status":"closed","template":"","meta":{"_tr_post_content":"<a href=\"https:\/\/www.drcengizcelik.com\/wp-content\/themes\/cengizcelik\/src\/img\/mesaj\/1.jpg\" data-lightbox=\"mesaj\"><img src=\"https:\/\/www.drcengizcelik.com\/wp-content\/themes\/cengizcelik\/src\/img\/mesaj\/1.jpg\" style=\"width:100%\"><\/a>\r\n<a href=\"https:\/\/www.drcengizcelik.com\/wp-content\/themes\/cengizcelik\/src\/img\/mesaj\/2.jpg\" data-lightbox=\"mesaj\"><img src=\"https:\/\/www.drcengizcelik.com\/wp-content\/themes\/cengizcelik\/src\/img\/mesaj\/2.jpg\" style=\"width:100%\"><\/a>","_tr_post_name":"halkimiza-mesaji","_tr_post_excerpt":"","_tr_post_title":"Halk\u0131m\u0131za Mesaj\u0131","_ku_post_content":"","_ku_post_name":"","_ku_post_excerpt":"","_ku_post_title":"","edit_language":"ku","footnotes":""},"_links":{"self":[{"href":"https:\/\/www.drcengizcelik.com\/ku\/wp-json\/wp\/v2\/pages\/520"}],"collection":[{"href":"https:\/\/www.drcengizcelik.com\/ku\/wp-json\/wp\/v2\/pages"}],"about":[{"href":"https:\/\/www.drcengizcelik.com\/ku\/wp-json\/wp\/v2\/types\/page"}],"author":[{"embeddable":true,"href":"https:\/\/www.drcengizcelik.com\/ku\/wp-json\/wp\/v2\/users\/1"}],"replies":[{"embeddable":true,"href":"https:\/\/www.drcengizcelik.com\/ku\/wp-json\/wp\/v2\/comments?post=520"}],"version-history":[{"count":3,"href":"https:\/\/www.drcengizcelik.com\/ku\/wp-json\/wp\/v2\/pages\/520\/revisions"}],"predecessor-version":[{"id":526,"href":"https:\/\/www.drcengizcelik.com\/ku\/wp-json\/wp\/v2\/pages\/520\/revisions\/526"}],"wp:attachment":[{"href":"https:\/\/www.drcengizcelik.com\/ku\/wp-json\/wp\/v2\/media?parent=520"}],"curies":[{"name":"wp","href":"https:\/\/api.w.org\/{rel}","templated":true}]}}