{"id":529,"date":"2024-02-08T11:55:29","date_gmt":"2024-02-08T08:55:29","guid":{"rendered":"https:\/\/www.drcengizcelik.com\/?page_id=529"},"modified":"2024-02-08T12:49:42","modified_gmt":"2024-02-08T09:49:42","slug":"","status":"publish","type":"page","link":"https:\/\/www.drcengizcelik.com\/ku\/gonullu-ol","title":{"rendered":"","raw":""},"content":{"rendered":"","protected":false,"raw":""},"excerpt":{"rendered":"","protected":false,"raw":""},"author":1,"featured_media":0,"parent":0,"menu_order":0,"comment_status":"closed","ping_status":"closed","template":"form.php","meta":{"_tr_post_content":"<div class=\"text\">\r\n<h1>FAAL\u0130YETLER\u0130M\u0130ZDE G\u00d6N\u00dcLL\u00dc OL<\/h1>\r\n<\/div>\r\n<div class=\"form custom-form\">\r\n[contact-form-7 id=\"cf9ca79\" title=\"G\u00f6n\u00fcll\u00fc ol formu\"]\r\n<\/div>","_tr_post_name":"gonullu-ol","_tr_post_excerpt":"","_tr_post_title":"G\u00f6n\u00fcll\u00fc Ol","_ku_post_content":"","_ku_post_name":"","_ku_post_excerpt":"","_ku_post_title":"","edit_language":"ku","footnotes":""},"_links":{"self":[{"href":"https:\/\/www.drcengizcelik.com\/ku\/wp-json\/wp\/v2\/pages\/529"}],"collection":[{"href":"https:\/\/www.drcengizcelik.com\/ku\/wp-json\/wp\/v2\/pages"}],"about":[{"href":"https:\/\/www.drcengizcelik.com\/ku\/wp-json\/wp\/v2\/types\/page"}],"author":[{"embeddable":true,"href":"https:\/\/www.drcengizcelik.com\/ku\/wp-json\/wp\/v2\/users\/1"}],"replies":[{"embeddable":true,"href":"https:\/\/www.drcengizcelik.com\/ku\/wp-json\/wp\/v2\/comments?post=529"}],"version-history":[{"count":6,"href":"https:\/\/www.drcengizcelik.com\/ku\/wp-json\/wp\/v2\/pages\/529\/revisions"}],"predecessor-version":[{"id":535,"href":"https:\/\/www.drcengizcelik.com\/ku\/wp-json\/wp\/v2\/pages\/529\/revisions\/535"}],"wp:attachment":[{"href":"https:\/\/www.drcengizcelik.com\/ku\/wp-json\/wp\/v2\/media?parent=529"}],"curies":[{"name":"wp","href":"https:\/\/api.w.org\/{rel}","templated":true}]}}