{"id":995,"date":"2024-03-11T12:19:23","date_gmt":"2024-03-11T09:19:23","guid":{"rendered":"https:\/\/www.drcengizcelik.com\/?page_id=995"},"modified":"2024-03-11T12:23:02","modified_gmt":"2024-03-11T09:23:02","slug":"","status":"publish","type":"page","link":"https:\/\/www.drcengizcelik.com\/ku\/talep-is","title":{"rendered":"","raw":""},"content":{"rendered":"","protected":false,"raw":""},"excerpt":{"rendered":"","protected":false,"raw":""},"author":1,"featured_media":0,"parent":0,"menu_order":0,"comment_status":"closed","ping_status":"closed","template":"form.php","meta":{"_tr_post_content":"<div class=\"text\">\r\n<h1>\u0130\u015f Ba\u015fvurusu Talebinde Bulun<\/h1>\r\n<\/div>\r\n<div class=\"form custom-form\">[contact-form-7 id=\"dee9fc1\" title=\"\u0130\u015f Ba\u015fvuru Formu\"]<\/div>","_tr_post_name":"talep-is","_tr_post_excerpt":"","_tr_post_title":"Talep \u0130\u015f","_ku_post_content":"","_ku_post_name":"","_ku_post_excerpt":"","_ku_post_title":"","edit_language":"ku","footnotes":""},"_links":{"self":[{"href":"https:\/\/www.drcengizcelik.com\/ku\/wp-json\/wp\/v2\/pages\/995"}],"collection":[{"href":"https:\/\/www.drcengizcelik.com\/ku\/wp-json\/wp\/v2\/pages"}],"about":[{"href":"https:\/\/www.drcengizcelik.com\/ku\/wp-json\/wp\/v2\/types\/page"}],"author":[{"embeddable":true,"href":"https:\/\/www.drcengizcelik.com\/ku\/wp-json\/wp\/v2\/users\/1"}],"replies":[{"embeddable":true,"href":"https:\/\/www.drcengizcelik.com\/ku\/wp-json\/wp\/v2\/comments?post=995"}],"version-history":[{"count":3,"href":"https:\/\/www.drcengizcelik.com\/ku\/wp-json\/wp\/v2\/pages\/995\/revisions"}],"predecessor-version":[{"id":999,"href":"https:\/\/www.drcengizcelik.com\/ku\/wp-json\/wp\/v2\/pages\/995\/revisions\/999"}],"wp:attachment":[{"href":"https:\/\/www.drcengizcelik.com\/ku\/wp-json\/wp\/v2\/media?parent=995"}],"curies":[{"name":"wp","href":"https:\/\/api.w.org\/{rel}","templated":true}]}}